{"id":831,"date":"2022-04-19T04:46:30","date_gmt":"2022-04-19T04:46:30","guid":{"rendered":"https:\/\/wallabyglamping.com\/?page_id=831"},"modified":"2025-01-21T17:58:41","modified_gmt":"2025-01-21T17:58:41","slug":"cabana-tent-wallaby","status":"publish","type":"page","link":"https:\/\/wallabyglamping.com\/index.php\/cabana-tent-wallaby\/","title":{"rendered":"Caba\u00f1a &#8211; Tent Wallaby"},"content":{"rendered":"<h1>Caba\u00f1a Wallaby<\/h1>\n<div class=\"ast-oembed-container \" style=\"height: 100%;\"><iframe loading=\"lazy\" title=\"Untitled.mov\" src=\"https:\/\/player.vimeo.com\/video\/639675803?dnt=1&amp;app_id=122963\" width=\"500\" height=\"281\" frameborder=\"0\" allow=\"autoplay; fullscreen; picture-in-picture; clipboard-write; encrypted-media\"><\/iframe><\/div>\n<p>\t\t\t\t\t\t\t&#8221; Un lugar m\u00e1gico para pasar en pareja, donde puedes conectarte con la naturaleza y pasar momentos de mucha tranquilidad y romanticismo. Deliciosa la comida y debo resaltar la atenci\u00f3n es muy buena! sin lugar a dudas volver\u00eda a este lugar. &#8221;<br \/>\n\t\t\t\t\t\t\t<img loading=\"lazy\" decoding=\"async\" width=\"1920\" height=\"1440\" src=\"http:\/\/wallabyglamping.com\/wp-content\/uploads\/2023\/06\/mujer-con-lentes-oscuros-1.webp\" alt=\"una mujer en el campo modelando\" \/><br \/>\n\t\t\t\t\t\t\t\t\t\t\t\t\t\tJulia Pati\u00f1o<br \/>\n\t\t\t\t\t\t\t\t\t\t\t\t\t\t\t\t\t\t\t\t\t\tCliente<br \/>\n\t\t\t\t\t\t<i>&#9733;<\/i><i>&#9733;<\/i><i>&#9733;<\/i><i>&#9733;<\/i><i>&#9733;<\/i> 5\/5<br \/>\n\t\t\t\t\t<a href=\"https:\/\/api.whatsapp.com\/send\/?phone=573506197915&#038;text&#038;app_absent=0\"><br \/>\n\t\t\t\t\t\t\t\t\tReservar<br \/>\n\t\t\t\t\t<\/a><\/p>\n<h2>Habitaci\u00f3n<\/h2>\n<h2>Ba\u00f1o<\/h2>\n<h2>Exterior<\/h2>\n<h2>Vista<\/h2>\n<style typr=\"text\/css\">\n                    #eael-img-accordion-e5ba492 .eael-image-accordion-hover:hover {\n                        flex: 3 1 0% !important;\n                    }\n                    #eael-img-accordion-e5ba492 .eael-image-accordion-hover:hover:hover .overlay-inner * {\n                        opacity: 1;\n                        visibility: visible;\n                        transform: none;\n                        transition: all .3s .3s;\n                    }\n                <\/style>\n<h3>Somos Pet Friendly<\/h3>\n<p>Aceptamos solo razas medianas y peque\u00f1as, debes llevar todo lo necesario para su alimentaci\u00f3n y su respectivo menaje.<\/p>\n<p>&#8211; Amamos los animales &#8211;<\/p>\n<p>Conoce nuestras tarifas para que puedas planear tu estad\u00eda con nosotros.<\/p>\n<p>\t\t\t\t\t<a href=\"https:\/\/api.whatsapp.com\/send\/?phone=573506197915&#038;text&#038;app_absent=0\"><br \/>\n\t\t\t\t\t\t\t\t\tReservar<br \/>\n\t\t\t\t\t<\/a><\/p>\n","protected":false},"excerpt":{"rendered":"<p>Caba\u00f1a Wallaby &#8221; Un lugar m\u00e1gico para pasar en pareja, donde puedes conectarte con la naturaleza y pasar momentos de mucha tranquilidad y romanticismo. Deliciosa la comida y debo resaltar la atenci\u00f3n es muy buena! sin lugar a dudas volver\u00eda a este lugar. &#8221; Julia Pati\u00f1o Cliente &#9733;&#9733;&#9733;&#9733;&#9733; 5\/5 Reservar Habitaci\u00f3n Ba\u00f1o Exterior Vista Somos [&hellip;]<\/p>\n","protected":false},"author":1,"featured_media":0,"parent":0,"menu_order":0,"comment_status":"closed","ping_status":"closed","template":"","meta":{"site-sidebar-layout":"no-sidebar","site-content-layout":"page-builder","ast-site-content-layout":"default","site-content-style":"default","site-sidebar-style":"default","ast-global-header-display":"","ast-banner-title-visibility":"","ast-main-header-display":"","ast-hfb-above-header-display":"","ast-hfb-below-header-display":"","ast-hfb-mobile-header-display":"","site-post-title":"disabled","ast-breadcrumbs-content":"","ast-featured-img":"disabled","footer-sml-layout":"","ast-disable-related-posts":"","theme-transparent-header-meta":"","adv-header-id-meta":"","stick-header-meta":"","header-above-stick-meta":"","header-main-stick-meta":"","header-below-stick-meta":"","astra-migrate-meta-layouts":"default","ast-page-background-enabled":"default","ast-page-background-meta":{"desktop":{"background-color":"var(--ast-global-color-4)","background-image":"","background-repeat":"repeat","background-position":"center center","background-size":"auto","background-attachment":"scroll","background-type":"","background-media":"","overlay-type":"","overlay-color":"","overlay-opacity":"","overlay-gradient":""},"tablet":{"background-color":"","background-image":"","background-repeat":"repeat","background-position":"center center","background-size":"auto","background-attachment":"scroll","background-type":"","background-media":"","overlay-type":"","overlay-color":"","overlay-opacity":"","overlay-gradient":""},"mobile":{"background-color":"","background-image":"","background-repeat":"repeat","background-position":"center center","background-size":"auto","background-attachment":"scroll","background-type":"","background-media":"","overlay-type":"","overlay-color":"","overlay-opacity":"","overlay-gradient":""}},"ast-content-background-meta":{"desktop":{"background-color":"var(--ast-global-color-5)","background-image":"","background-repeat":"repeat","background-position":"center center","background-size":"auto","background-attachment":"scroll","background-type":"","background-media":"","overlay-type":"","overlay-color":"","overlay-opacity":"","overlay-gradient":""},"tablet":{"background-color":"var(--ast-global-color-5)","background-image":"","background-repeat":"repeat","background-position":"center center","background-size":"auto","background-attachment":"scroll","background-type":"","background-media":"","overlay-type":"","overlay-color":"","overlay-opacity":"","overlay-gradient":""},"mobile":{"background-color":"var(--ast-global-color-5)","background-image":"","background-repeat":"repeat","background-position":"center center","background-size":"auto","background-attachment":"scroll","background-type":"","background-media":"","overlay-type":"","overlay-color":"","overlay-opacity":"","overlay-gradient":""}},"footnotes":""},"class_list":["post-831","page","type-page","status-publish","hentry"],"_links":{"self":[{"href":"https:\/\/wallabyglamping.com\/index.php\/wp-json\/wp\/v2\/pages\/831","targetHints":{"allow":["GET"]}}],"collection":[{"href":"https:\/\/wallabyglamping.com\/index.php\/wp-json\/wp\/v2\/pages"}],"about":[{"href":"https:\/\/wallabyglamping.com\/index.php\/wp-json\/wp\/v2\/types\/page"}],"author":[{"embeddable":true,"href":"https:\/\/wallabyglamping.com\/index.php\/wp-json\/wp\/v2\/users\/1"}],"replies":[{"embeddable":true,"href":"https:\/\/wallabyglamping.com\/index.php\/wp-json\/wp\/v2\/comments?post=831"}],"version-history":[{"count":56,"href":"https:\/\/wallabyglamping.com\/index.php\/wp-json\/wp\/v2\/pages\/831\/revisions"}],"predecessor-version":[{"id":4925,"href":"https:\/\/wallabyglamping.com\/index.php\/wp-json\/wp\/v2\/pages\/831\/revisions\/4925"}],"wp:attachment":[{"href":"https:\/\/wallabyglamping.com\/index.php\/wp-json\/wp\/v2\/media?parent=831"}],"curies":[{"name":"wp","href":"https:\/\/api.w.org\/{rel}","templated":true}]}}