{"id":807,"date":"2022-04-19T03:56:30","date_gmt":"2022-04-19T03:56:30","guid":{"rendered":"https:\/\/wallabyglamping.com\/?page_id=807"},"modified":"2025-01-21T17:59:40","modified_gmt":"2025-01-21T17:59:40","slug":"spa","status":"publish","type":"page","link":"https:\/\/wallabyglamping.com\/index.php\/spa\/","title":{"rendered":"Spa"},"content":{"rendered":"<h1>MoldeArt<\/h1>\n<h2>Vivir con sentido<\/h2>\n<h2>Nuestro servicio est\u00e1 pensado en ti.<\/h2>\n<p>Desde terapias de renovaci\u00f3n, limpiezas faciales profundas hasta masajes de relajaci\u00f3n pensadas para parejas. Gracias a nuestro socio, Wallaby glamping cuenta con todo el servicio de Spa que t\u00fa prefieras.<\/p>\n<h2>Planes <\/h2>\n<p>                Duo Spa Romantico<\/p>\n<p>Plan romantico para dos personas que cuenta con:<\/p>\n<p>Aromaterapia, musicoterapia, relajaci\u00f3n podal, masaje craneo facial, masaje neurosedativo, masaje de relajaci\u00f3n corporal completo<\/p>\n<p>Duraci\u00f3n: 60 minutos<\/p>\n<p>                Masaje Terapeutico<\/p>\n<p>Relajaci\u00f3n podal, masaje neurosedativo, masaje compresivo, tracciones y estiramientos, descontracturante y digito puntura cr\u00e1neo facial.<\/p>\n<p>Duraci\u00f3n: 60 minutos<\/p>\n<p>                Natural Spa<\/p>\n<p>Aromaterapia, musicoterapia, masaje cr\u00e1neo facil, exfoliaci\u00f3n corporal con caf\u00e9, mascarilla facial de recovaci\u00f3n celular, masaje corporal completo.<\/p>\n<p>Duraci\u00f3n: 110min<\/p>\n<p>                Masaje Renuevate<\/p>\n<p>Aromaterapia, relajaci\u00f3n podal, relajaci\u00f3n craneal, masaje facial, masaje de relajaci\u00f3n completo.<\/p>\n<p>Duraci\u00f3n 60 minutos<\/p>\n<p>                Limpieza Profunda<\/p>\n<p>Aromaterapia, higiene facial, exfoliaci\u00f3n facial, tonificaci\u00f3n facial, apertura de poros, extracci\u00f3n de impurezas &#8211; manual, altafrecuencia facial, mascarilla seg\u00fan tipo facial.<\/p>\n<p>Duraci\u00f3n: 60min<\/p>\n<p>                Masaje Express<\/p>\n<p>Relajaci\u00f3n Craneal, masaje relajaci\u00f3n y de obsequio una mascarilla facial.\u00a0<\/p>\n<p>Duraci\u00f3n: 30minutos<\/p>\n<p style=\"text-align: center;\">Conoce nuestras tarifas para que puedas planear tu estad\u00eda con nosotros.<\/p>\n<p>\t\t\t\t\t<a href=\"https:\/\/api.whatsapp.com\/send?phone=573506197915&#038;text=%C2%A1Hola!%20%C2%A1Vi%20este%20Glamping%20en%20su%20sitio%20Web%20y%20estoy%20interesado!%20\"><br \/>\n\t\t\t\t\t\t\t\t\tSaber m\u00e1s<br \/>\n\t\t\t\t\t<\/a><\/p>\n<h2>Ten en cuenta<\/h2>\n<figure><img loading=\"lazy\" decoding=\"async\" width=\"150\" height=\"150\" src=\"http:\/\/wallabyglamping.com\/wp-content\/uploads\/2022\/10\/noun-back-pain-4162544.svg\" alt=\"\" \/><\/figure>\n<p>Si tienes alguna condici\u00f3n fisica especial, siempre hazla saber a la profesional encargada de tu sesi\u00f3n.<\/p>\n<figure><img loading=\"lazy\" decoding=\"async\" width=\"700\" height=\"700\" src=\"http:\/\/wallabyglamping.com\/wp-content\/uploads\/2022\/10\/noun-massage-593131-1.svg\" alt=\"\" \/><\/figure>\n<p>Estar en total disposici\u00f3n de relajaci\u00f3n, no tengas miedo de preguntar.<\/p>\n<figure><img loading=\"lazy\" decoding=\"async\" width=\"150\" height=\"150\" src=\"http:\/\/wallabyglamping.com\/wp-content\/uploads\/2022\/10\/noun-clothes-hanger-674252-1.svg\" alt=\"\" \/><\/figure>\n<p>Llevar ropa adecuada y una sandalias, la zona de Spa se encuentra ubicada afuera de tu habitaci\u00f3n.<\/p>\n<p>\t\thttps:\/\/vimeo.com\/700677062<\/p>\n<p>Conoce las tarifas de nuestro servicio de SPA<\/p>\n<p>\t\t\t\t\t<a href=\"https:\/\/api.whatsapp.com\/send?phone=573506197915&#038;text=%C2%A1Hola!%20%C2%A1Vi%20este%20Glamping%20en%20su%20sitio%20Web%20y%20estoy%20interesado!%20\"><br \/>\n\t\t\t\t\t\t\t\t\tSaber m\u00e1s<br \/>\n\t\t\t\t\t<\/a><\/p>\n<h2>Nuestro glamping inici\u00f3 con una idea que revitalizara el sector turistico en la regi\u00f3n, no s\u00f3lo como un lugar en que nuestros clientes se puedan conectar con la naturaleza si no tambien con su interior. Gracias a nuestra alianza con Moldeart, logramos dar el siguien paso para conseguir nuestro proposito. <\/h2>\n","protected":false},"excerpt":{"rendered":"<p>MoldeArt Vivir con sentido Nuestro servicio est\u00e1 pensado en ti. Desde terapias de renovaci\u00f3n, limpiezas faciales profundas hasta masajes de relajaci\u00f3n pensadas para parejas. Gracias a nuestro socio, Wallaby glamping cuenta con todo el servicio de Spa que t\u00fa prefieras. Planes Duo Spa Romantico Plan romantico para dos personas que cuenta con: Aromaterapia, musicoterapia, relajaci\u00f3n [&hellip;]<\/p>\n","protected":false},"author":1,"featured_media":0,"parent":0,"menu_order":0,"comment_status":"closed","ping_status":"closed","template":"","meta":{"site-sidebar-layout":"no-sidebar","site-content-layout":"page-builder","ast-site-content-layout":"default","site-content-style":"default","site-sidebar-style":"default","ast-global-header-display":"","ast-banner-title-visibility":"","ast-main-header-display":"","ast-hfb-above-header-display":"","ast-hfb-below-header-display":"","ast-hfb-mobile-header-display":"","site-post-title":"disabled","ast-breadcrumbs-content":"","ast-featured-img":"disabled","footer-sml-layout":"","ast-disable-related-posts":"","theme-transparent-header-meta":"","adv-header-id-meta":"","stick-header-meta":"","header-above-stick-meta":"","header-main-stick-meta":"","header-below-stick-meta":"","astra-migrate-meta-layouts":"default","ast-page-background-enabled":"default","ast-page-background-meta":{"desktop":{"background-color":"var(--ast-global-color-4)","background-image":"","background-repeat":"repeat","background-position":"center center","background-size":"auto","background-attachment":"scroll","background-type":"","background-media":"","overlay-type":"","overlay-color":"","overlay-opacity":"","overlay-gradient":""},"tablet":{"background-color":"","background-image":"","background-repeat":"repeat","background-position":"center center","background-size":"auto","background-attachment":"scroll","background-type":"","background-media":"","overlay-type":"","overlay-color":"","overlay-opacity":"","overlay-gradient":""},"mobile":{"background-color":"","background-image":"","background-repeat":"repeat","background-position":"center center","background-size":"auto","background-attachment":"scroll","background-type":"","background-media":"","overlay-type":"","overlay-color":"","overlay-opacity":"","overlay-gradient":""}},"ast-content-background-meta":{"desktop":{"background-color":"var(--ast-global-color-5)","background-image":"","background-repeat":"repeat","background-position":"center center","background-size":"auto","background-attachment":"scroll","background-type":"","background-media":"","overlay-type":"","overlay-color":"","overlay-opacity":"","overlay-gradient":""},"tablet":{"background-color":"var(--ast-global-color-5)","background-image":"","background-repeat":"repeat","background-position":"center center","background-size":"auto","background-attachment":"scroll","background-type":"","background-media":"","overlay-type":"","overlay-color":"","overlay-opacity":"","overlay-gradient":""},"mobile":{"background-color":"var(--ast-global-color-5)","background-image":"","background-repeat":"repeat","background-position":"center center","background-size":"auto","background-attachment":"scroll","background-type":"","background-media":"","overlay-type":"","overlay-color":"","overlay-opacity":"","overlay-gradient":""}},"footnotes":""},"class_list":["post-807","page","type-page","status-publish","hentry"],"_links":{"self":[{"href":"https:\/\/wallabyglamping.com\/index.php\/wp-json\/wp\/v2\/pages\/807","targetHints":{"allow":["GET"]}}],"collection":[{"href":"https:\/\/wallabyglamping.com\/index.php\/wp-json\/wp\/v2\/pages"}],"about":[{"href":"https:\/\/wallabyglamping.com\/index.php\/wp-json\/wp\/v2\/types\/page"}],"author":[{"embeddable":true,"href":"https:\/\/wallabyglamping.com\/index.php\/wp-json\/wp\/v2\/users\/1"}],"replies":[{"embeddable":true,"href":"https:\/\/wallabyglamping.com\/index.php\/wp-json\/wp\/v2\/comments?post=807"}],"version-history":[{"count":211,"href":"https:\/\/wallabyglamping.com\/index.php\/wp-json\/wp\/v2\/pages\/807\/revisions"}],"predecessor-version":[{"id":4928,"href":"https:\/\/wallabyglamping.com\/index.php\/wp-json\/wp\/v2\/pages\/807\/revisions\/4928"}],"wp:attachment":[{"href":"https:\/\/wallabyglamping.com\/index.php\/wp-json\/wp\/v2\/media?parent=807"}],"curies":[{"name":"wp","href":"https:\/\/api.w.org\/{rel}","templated":true}]}}