{"id":2698,"date":"2023-01-11T00:05:56","date_gmt":"2023-01-11T00:05:56","guid":{"rendered":"https:\/\/wallabyglamping.com\/?page_id=2698"},"modified":"2023-01-11T00:49:24","modified_gmt":"2023-01-11T00:49:24","slug":"contacto","status":"publish","type":"page","link":"https:\/\/wallabyglamping.com\/index.php\/contacto\/","title":{"rendered":"Contacto"},"content":{"rendered":"<h1>Contacto<\/h1>\n<h2>Nuestras Redes Sociales<\/h2>\n<p>\t\t\t\t\t<a target=\"_blank\" rel=\"noopener\"><br \/>\n\t\t\t\t\t\tFacebook<br \/>\n\t\t\t\t\t\t\t\t\t\t\t<\/a><br \/>\n\t\t\t\t\t<a target=\"_blank\" rel=\"noopener\"><br \/>\n\t\t\t\t\t\tTwitter<br \/>\n\t\t\t\t\t\t\t\t\t\t\t<\/a><br \/>\n\t\t\t\t\t<a target=\"_blank\" rel=\"noopener\"><br \/>\n\t\t\t\t\t\tYoutube<br \/>\n\t\t\t\t\t\t\t\t\t\t\t<\/a><\/p>\n<figure><a href=\"https:\/\/www.google.com\/maps\/place\/Wallaby+Glamping\/@4.5138448,-74.4080231,12z\/data=!4m5!3m4!1s0x8e3f0f1fcd05367b:0x6c049b47b5d6dbd4!8m2!3d4.4615517!4d-74.3793126\"><img decoding=\"async\" width=\"512\" height=\"512\" src=\"http:\/\/wallabyglamping.com\/wp-content\/uploads\/2021\/11\/pin.png\" alt=\"\" loading=\"lazy\" \/><\/a><\/figure>\n<h3><a href=\"https:\/\/www.google.com\/maps\/place\/Wallaby+Glamping\/@4.5138448,-74.4080231,12z\/data=!4m5!3m4!1s0x8e3f0f1fcd05367b:0x6c049b47b5d6dbd4!8m2!3d4.4615517!4d-74.3793126\">\u00bfC\u00f3mo llegar?<\/a><\/h3>\n<p>Puedes ubicarnos despu\u00e9s de la vereda de Subia &#8211; Cundinamarca.<\/p>\n<figure><a href=\"https:\/\/api.whatsapp.com\/send?phone=573506197915\"><img decoding=\"async\" width=\"512\" height=\"512\" src=\"http:\/\/wallabyglamping.com\/wp-content\/uploads\/2021\/11\/contacts.png\" alt=\"\" loading=\"lazy\" \/><\/a><\/figure>\n<h3><a href=\"https:\/\/api.whatsapp.com\/send?phone=573506197915\">\u00a1Ll\u00e1manos!<\/a><\/h3>\n<p>Tambi\u00e9n puedes llamarnos o escribirnos a nuestro Whatsapp que te atender\u00e1 con gusto +57 3506197915.<\/p>\n<p>\t\t\t<iframe loading=\"lazy\"\n\t\t\t\t\tsrc=\"https:\/\/maps.google.com\/maps?q=wallaby%20glamping%20subia%20cundinamarca&#038;t=m&#038;z=10&#038;output=embed&#038;iwloc=near\"\n\t\t\t\t\ttitle=\"wallaby glamping subia cundinamarca\"\n\t\t\t\t\taria-label=\"wallaby glamping subia cundinamarca\"\n\t\t\t><\/iframe><\/p>\n","protected":false},"excerpt":{"rendered":"<p>Contacto Nuestras Redes Sociales Facebook Twitter Youtube \u00bfC\u00f3mo llegar? Puedes ubicarnos despu\u00e9s de la vereda de Subia &#8211; Cundinamarca. \u00a1Ll\u00e1manos! Tambi\u00e9n puedes llamarnos o escribirnos a nuestro Whatsapp que te atender\u00e1 con gusto +57 3506197915.<\/p>\n","protected":false},"author":1,"featured_media":0,"parent":0,"menu_order":0,"comment_status":"closed","ping_status":"closed","template":"","meta":{"site-sidebar-layout":"no-sidebar","site-content-layout":"page-builder","ast-site-content-layout":"default","site-content-style":"default","site-sidebar-style":"default","ast-global-header-display":"","ast-banner-title-visibility":"","ast-main-header-display":"","ast-hfb-above-header-display":"","ast-hfb-below-header-display":"","ast-hfb-mobile-header-display":"","site-post-title":"disabled","ast-breadcrumbs-content":"","ast-featured-img":"disabled","footer-sml-layout":"","ast-disable-related-posts":"","theme-transparent-header-meta":"","adv-header-id-meta":"","stick-header-meta":"","header-above-stick-meta":"","header-main-stick-meta":"","header-below-stick-meta":"","astra-migrate-meta-layouts":"default","ast-page-background-enabled":"default","ast-page-background-meta":{"desktop":{"background-color":"var(--ast-global-color-4)","background-image":"","background-repeat":"repeat","background-position":"center center","background-size":"auto","background-attachment":"scroll","background-type":"","background-media":"","overlay-type":"","overlay-color":"","overlay-opacity":"","overlay-gradient":""},"tablet":{"background-color":"","background-image":"","background-repeat":"repeat","background-position":"center center","background-size":"auto","background-attachment":"scroll","background-type":"","background-media":"","overlay-type":"","overlay-color":"","overlay-opacity":"","overlay-gradient":""},"mobile":{"background-color":"","background-image":"","background-repeat":"repeat","background-position":"center center","background-size":"auto","background-attachment":"scroll","background-type":"","background-media":"","overlay-type":"","overlay-color":"","overlay-opacity":"","overlay-gradient":""}},"ast-content-background-meta":{"desktop":{"background-color":"var(--ast-global-color-5)","background-image":"","background-repeat":"repeat","background-position":"center center","background-size":"auto","background-attachment":"scroll","background-type":"","background-media":"","overlay-type":"","overlay-color":"","overlay-opacity":"","overlay-gradient":""},"tablet":{"background-color":"var(--ast-global-color-5)","background-image":"","background-repeat":"repeat","background-position":"center center","background-size":"auto","background-attachment":"scroll","background-type":"","background-media":"","overlay-type":"","overlay-color":"","overlay-opacity":"","overlay-gradient":""},"mobile":{"background-color":"var(--ast-global-color-5)","background-image":"","background-repeat":"repeat","background-position":"center center","background-size":"auto","background-attachment":"scroll","background-type":"","background-media":"","overlay-type":"","overlay-color":"","overlay-opacity":"","overlay-gradient":""}},"footnotes":""},"class_list":["post-2698","page","type-page","status-publish","hentry"],"_links":{"self":[{"href":"https:\/\/wallabyglamping.com\/index.php\/wp-json\/wp\/v2\/pages\/2698","targetHints":{"allow":["GET"]}}],"collection":[{"href":"https:\/\/wallabyglamping.com\/index.php\/wp-json\/wp\/v2\/pages"}],"about":[{"href":"https:\/\/wallabyglamping.com\/index.php\/wp-json\/wp\/v2\/types\/page"}],"author":[{"embeddable":true,"href":"https:\/\/wallabyglamping.com\/index.php\/wp-json\/wp\/v2\/users\/1"}],"replies":[{"embeddable":true,"href":"https:\/\/wallabyglamping.com\/index.php\/wp-json\/wp\/v2\/comments?post=2698"}],"version-history":[{"count":31,"href":"https:\/\/wallabyglamping.com\/index.php\/wp-json\/wp\/v2\/pages\/2698\/revisions"}],"predecessor-version":[{"id":2735,"href":"https:\/\/wallabyglamping.com\/index.php\/wp-json\/wp\/v2\/pages\/2698\/revisions\/2735"}],"wp:attachment":[{"href":"https:\/\/wallabyglamping.com\/index.php\/wp-json\/wp\/v2\/media?parent=2698"}],"curies":[{"name":"wp","href":"https:\/\/api.w.org\/{rel}","templated":true}]}}