{"id":237,"date":"2021-11-02T13:26:07","date_gmt":"2021-11-02T13:26:07","guid":{"rendered":"https:\/\/wallabyglamping.com\/?page_id=237"},"modified":"2025-01-21T17:56:15","modified_gmt":"2025-01-21T17:56:15","slug":"home","status":"publish","type":"page","link":"https:\/\/wallabyglamping.com\/","title":{"rendered":"Home"},"content":{"rendered":"<h1>Wallaby Glamping<\/h1>\n<h2 style=\"text-align: center;\">Un Glamping inigualable, pensado en ti.<\/h2>\n<p>\u00bfTe imaginas estar en esta gran experiencia, escuchando al lado tuyo el agua de la monta\u00f1a mientras disfrutas de un buen desayuno preparado con gran dedicaci\u00f3n en el jacuzzi privado de un glamping a tan s\u00f3lo una hora de Bogota?<\/p>\n<h2>Nuestro Glamping<\/h2>\n<p>\t\t\t\t\t\t\t\t\t\t\t\t\t\t\t<img loading=\"lazy\" decoding=\"async\" width=\"1024\" height=\"682\" src=\"http:\/\/wallabyglamping.com\/wp-content\/uploads\/2023\/06\/domo-glamping-_1_-1-1024x682.webp\" alt=\"domo glamping\" srcset=\"https:\/\/wallabyglamping.com\/wp-content\/uploads\/2023\/06\/domo-glamping-_1_-1-1024x682.webp 1024w, https:\/\/wallabyglamping.com\/wp-content\/uploads\/2023\/06\/domo-glamping-_1_-1-300x200.webp 300w, https:\/\/wallabyglamping.com\/wp-content\/uploads\/2023\/06\/domo-glamping-_1_-1-768x512.webp 768w, https:\/\/wallabyglamping.com\/wp-content\/uploads\/2023\/06\/domo-glamping-_1_-1-1536x1023.webp 1536w, https:\/\/wallabyglamping.com\/wp-content\/uploads\/2023\/06\/domo-glamping-_1_-1.webp 2001w\" sizes=\"auto, (max-width: 1024px) 100vw, 1024px\" \/>\t\t\t\t\t\t\t\t\t\t\t\t\t\t\t<\/p>\n<h2>Domo Wallaby<\/h2>\n<p>Cuenta con un ambiente rustico donde la naturaleza de conecta con elegancia. Tiene incorporado un jacuzzi, ducha sin techo, ba\u00f1o ambientado, snacks, bebidas y una cama king para tu total comodidad.<\/p>\n<p>\t\t\t\t\t<a href=\"https:\/\/wallabyglamping.com\/index.php\/domo-wallaby-glamping\/\"><br \/>\n\t\t\t\t\t\t\t\t\tDomo<br \/>\n\t\t\t\t\t<\/a><\/p>\n<h2>Caba\u00f1a Wallaby<\/h2>\n<p>Una vista desde la cama incre\u00edble, la calidez que sientes bajo su techo con una vista al cielo preciosa, el jacuzzi dentro en donde puedes compartir tus m\u00e1s bellos momentos con la privacidad que mereces, una bella Malla de Catamar\u00e1n desde donde puedes tomar unas fotograf\u00edas geniales, el sonido del agua que baja por la quebrada mientras descansas, todo \u00e9sto y m\u00e1s puedes tener en nuestra Caba\u00f1a Wallaby<\/p>\n<p>\t\t\t\t\t<a href=\"https:\/\/wallabyglamping.com\/index.php\/cabana-tent-wallaby\/\"><br \/>\n\t\t\t\t\t\t\t\t\tCaba\u00f1a<br \/>\n\t\t\t\t\t<\/a><br \/>\n\t\t\t\t\t\t\t\t\t\t\t\t\t\t\t<img loading=\"lazy\" decoding=\"async\" width=\"1024\" height=\"683\" src=\"http:\/\/wallabyglamping.com\/wp-content\/uploads\/2025\/01\/IMG_1806-1024x683.webp\" alt=\"\" srcset=\"https:\/\/wallabyglamping.com\/wp-content\/uploads\/2025\/01\/IMG_1806-1024x683.webp 1024w, https:\/\/wallabyglamping.com\/wp-content\/uploads\/2025\/01\/IMG_1806-300x200.webp 300w, https:\/\/wallabyglamping.com\/wp-content\/uploads\/2025\/01\/IMG_1806-768x512.webp 768w, https:\/\/wallabyglamping.com\/wp-content\/uploads\/2025\/01\/IMG_1806-1536x1024.webp 1536w, https:\/\/wallabyglamping.com\/wp-content\/uploads\/2025\/01\/IMG_1806.webp 1620w\" sizes=\"auto, (max-width: 1024px) 100vw, 1024px\" \/><br \/>\n\t\t\t\t\t\t\t\t\t\t\t\t\t\t\t<img loading=\"lazy\" decoding=\"async\" width=\"1280\" height=\"969\" src=\"http:\/\/wallabyglamping.com\/wp-content\/uploads\/2022\/09\/masaje-con-piedras-calientes.jpg\" alt=\"mujer-recibiendo-un-masaje-con-piedras-volcanicas-calientes\" srcset=\"https:\/\/wallabyglamping.com\/wp-content\/uploads\/2022\/09\/masaje-con-piedras-calientes.jpg 1280w, https:\/\/wallabyglamping.com\/wp-content\/uploads\/2022\/09\/masaje-con-piedras-calientes-300x227.jpg 300w, https:\/\/wallabyglamping.com\/wp-content\/uploads\/2022\/09\/masaje-con-piedras-calientes-1024x775.jpg 1024w, https:\/\/wallabyglamping.com\/wp-content\/uploads\/2022\/09\/masaje-con-piedras-calientes-768x581.jpg 768w\" sizes=\"auto, (max-width: 1280px) 100vw, 1280px\" \/><br \/>\n\t\t\t\t\t\t\t\t\t\t\t\t\t\t\t<img loading=\"lazy\" decoding=\"async\" width=\"1024\" height=\"682\" src=\"http:\/\/wallabyglamping.com\/wp-content\/uploads\/2022\/09\/pareja-recibiendo-masajes-en-glamping-1024x682.jpg\" alt=\"pareja recibiendo un masaje en el interior de un glamping\" srcset=\"https:\/\/wallabyglamping.com\/wp-content\/uploads\/2022\/09\/pareja-recibiendo-masajes-en-glamping-1024x682.jpg 1024w, https:\/\/wallabyglamping.com\/wp-content\/uploads\/2022\/09\/pareja-recibiendo-masajes-en-glamping-300x200.jpg 300w, https:\/\/wallabyglamping.com\/wp-content\/uploads\/2022\/09\/pareja-recibiendo-masajes-en-glamping-768x512.jpg 768w, https:\/\/wallabyglamping.com\/wp-content\/uploads\/2022\/09\/pareja-recibiendo-masajes-en-glamping.jpg 1280w\" sizes=\"auto, (max-width: 1024px) 100vw, 1024px\" \/>\t\t\t\t\t\t\t\t\t\t\t\t\t\t\t<\/p>\n<h2>Servicio de Spa<\/h2>\n<p>Masajes de renovaci\u00f3n, terapias corporales o limpiezas faciales profundas que te har\u00e1n disfrutar mucho m\u00e1s tu estad\u00eda con nosotros.<\/p>\n<p>\t\t\t\t\t<a href=\"https:\/\/wallabyglamping.com\/index.php\/spa\/\"><br \/>\n\t\t\t\t\t\t\t\t\tSaber m\u00e1s<br \/>\n\t\t\t\t\t<\/a><br \/>\n\t\t\t\t\t\t\t\t\t\t\t\t\t\t\t<img loading=\"lazy\" decoding=\"async\" width=\"1024\" height=\"682\" src=\"http:\/\/wallabyglamping.com\/wp-content\/uploads\/2022\/09\/mujer-reciendo-masaje-1024x682.jpg\" alt=\"mujer recibiendo un masaje al interior de un glamping\" srcset=\"https:\/\/wallabyglamping.com\/wp-content\/uploads\/2022\/09\/mujer-reciendo-masaje-1024x682.jpg 1024w, https:\/\/wallabyglamping.com\/wp-content\/uploads\/2022\/09\/mujer-reciendo-masaje-300x200.jpg 300w, https:\/\/wallabyglamping.com\/wp-content\/uploads\/2022\/09\/mujer-reciendo-masaje-768x512.jpg 768w, https:\/\/wallabyglamping.com\/wp-content\/uploads\/2022\/09\/mujer-reciendo-masaje.jpg 1271w\" sizes=\"auto, (max-width: 1024px) 100vw, 1024px\" \/><br \/>\n\t\t\t\t\t\t\t\t\t\t\t\t\t\t\t<img loading=\"lazy\" decoding=\"async\" width=\"810\" height=\"540\" src=\"http:\/\/wallabyglamping.com\/wp-content\/uploads\/2022\/09\/camas-de-masajes.jpg\" alt=\"camas de masajes con rosas dentro de un glamping\" srcset=\"https:\/\/wallabyglamping.com\/wp-content\/uploads\/2022\/09\/camas-de-masajes.jpg 810w, https:\/\/wallabyglamping.com\/wp-content\/uploads\/2022\/09\/camas-de-masajes-300x200.jpg 300w, https:\/\/wallabyglamping.com\/wp-content\/uploads\/2022\/09\/camas-de-masajes-768x512.jpg 768w\" sizes=\"auto, (max-width: 810px) 100vw, 810px\" \/><br \/>\n\t\t\t\t\t\t\t\t\t\t\t\t\t\t\t<img loading=\"lazy\" decoding=\"async\" width=\"1080\" height=\"1620\" src=\"http:\/\/wallabyglamping.com\/wp-content\/uploads\/2025\/01\/IMG_1820.webp\" alt=\"\" srcset=\"https:\/\/wallabyglamping.com\/wp-content\/uploads\/2025\/01\/IMG_1820.webp 1080w, https:\/\/wallabyglamping.com\/wp-content\/uploads\/2025\/01\/IMG_1820-200x300.webp 200w, https:\/\/wallabyglamping.com\/wp-content\/uploads\/2025\/01\/IMG_1820-683x1024.webp 683w, https:\/\/wallabyglamping.com\/wp-content\/uploads\/2025\/01\/IMG_1820-768x1152.webp 768w, https:\/\/wallabyglamping.com\/wp-content\/uploads\/2025\/01\/IMG_1820-1024x1536.webp 1024w\" sizes=\"auto, (max-width: 1080px) 100vw, 1080px\" \/><br \/>\n\t\t\t\t\t\t\t\t\t\t\t\t\t\t\t<img loading=\"lazy\" decoding=\"async\" width=\"1024\" height=\"683\" src=\"http:\/\/wallabyglamping.com\/wp-content\/uploads\/2025\/01\/IMG_1816-1024x683.webp\" alt=\"\" srcset=\"https:\/\/wallabyglamping.com\/wp-content\/uploads\/2025\/01\/IMG_1816-1024x683.webp 1024w, https:\/\/wallabyglamping.com\/wp-content\/uploads\/2025\/01\/IMG_1816-300x200.webp 300w, https:\/\/wallabyglamping.com\/wp-content\/uploads\/2025\/01\/IMG_1816-768x512.webp 768w, https:\/\/wallabyglamping.com\/wp-content\/uploads\/2025\/01\/IMG_1816-1536x1024.webp 1536w, https:\/\/wallabyglamping.com\/wp-content\/uploads\/2025\/01\/IMG_1816.webp 1620w\" sizes=\"auto, (max-width: 1024px) 100vw, 1024px\" \/><br \/>\n\t\t\t\t\t\t\t\t\t\t\t\t\t\t\t<img loading=\"lazy\" decoding=\"async\" width=\"1024\" height=\"682\" src=\"http:\/\/wallabyglamping.com\/wp-content\/uploads\/2022\/09\/asado-en-glamping-1024x682.jpeg\" alt=\"asado en un glamping de cundinamarca en medio de la naturaleza\" srcset=\"https:\/\/wallabyglamping.com\/wp-content\/uploads\/2022\/09\/asado-en-glamping-1024x682.jpeg 1024w, https:\/\/wallabyglamping.com\/wp-content\/uploads\/2022\/09\/asado-en-glamping-300x200.jpeg 300w, https:\/\/wallabyglamping.com\/wp-content\/uploads\/2022\/09\/asado-en-glamping-768x512.jpeg 768w, https:\/\/wallabyglamping.com\/wp-content\/uploads\/2022\/09\/asado-en-glamping.jpeg 1529w\" sizes=\"auto, (max-width: 1024px) 100vw, 1024px\" \/><br \/>\n\t\t\t\t\t\t\t\t\t\t\t\t\t\t\t<img loading=\"lazy\" decoding=\"async\" width=\"1024\" height=\"768\" src=\"http:\/\/wallabyglamping.com\/wp-content\/uploads\/2023\/06\/bano-exterior-1024x768.webp\" alt=\"ba\u00f1o en medio de la naturaleza\" srcset=\"https:\/\/wallabyglamping.com\/wp-content\/uploads\/2023\/06\/bano-exterior-1024x768.webp 1024w, https:\/\/wallabyglamping.com\/wp-content\/uploads\/2023\/06\/bano-exterior-300x225.webp 300w, https:\/\/wallabyglamping.com\/wp-content\/uploads\/2023\/06\/bano-exterior-768x576.webp 768w, https:\/\/wallabyglamping.com\/wp-content\/uploads\/2023\/06\/bano-exterior.webp 1280w\" sizes=\"auto, (max-width: 1024px) 100vw, 1024px\" \/><br \/>\n\t\t\t\t\t\t\t\t\t\t\t\t\t\t\t<img loading=\"lazy\" decoding=\"async\" width=\"810\" height=\"777\" src=\"http:\/\/wallabyglamping.com\/wp-content\/uploads\/2022\/09\/cama-tendida-de-hotel.jpeg\" alt=\"cama tendida con toallas limpias en un glamping\" srcset=\"https:\/\/wallabyglamping.com\/wp-content\/uploads\/2022\/09\/cama-tendida-de-hotel.jpeg 810w, https:\/\/wallabyglamping.com\/wp-content\/uploads\/2022\/09\/cama-tendida-de-hotel-300x288.jpeg 300w, https:\/\/wallabyglamping.com\/wp-content\/uploads\/2022\/09\/cama-tendida-de-hotel-768x737.jpeg 768w\" sizes=\"auto, (max-width: 810px) 100vw, 810px\" \/><br \/>\n\t\t\t\t\t\t\t\t\t\t\t\t\t\t\t<img loading=\"lazy\" decoding=\"async\" width=\"1024\" height=\"683\" src=\"http:\/\/wallabyglamping.com\/wp-content\/uploads\/2022\/09\/desayuno-de-frutas-1024x683.jpeg\" alt=\"bandeja de desayuno con frutas\" srcset=\"https:\/\/wallabyglamping.com\/wp-content\/uploads\/2022\/09\/desayuno-de-frutas-1024x683.jpeg 1024w, https:\/\/wallabyglamping.com\/wp-content\/uploads\/2022\/09\/desayuno-de-frutas-300x200.jpeg 300w, https:\/\/wallabyglamping.com\/wp-content\/uploads\/2022\/09\/desayuno-de-frutas-768x512.jpeg 768w, https:\/\/wallabyglamping.com\/wp-content\/uploads\/2022\/09\/desayuno-de-frutas-1536x1024.jpeg 1536w, https:\/\/wallabyglamping.com\/wp-content\/uploads\/2022\/09\/desayuno-de-frutas.jpeg 1599w\" sizes=\"auto, (max-width: 1024px) 100vw, 1024px\" \/>\t\t\t\t\t\t\t\t\t\t\t\t\t\t\t<\/p>\n<h2>Nuestro Clientes dicen<\/h2>\n<p>\t\t[trustindex no-registration=google]<\/p>\n<p>[instagram-feed]<\/p>\n","protected":false},"excerpt":{"rendered":"<p>Explore The Colourful World A Wonderful Gift Learn More &#8220;Fuerat aestu carentem habentia spectent tonitrua mutastis locavit liberioris.&#8221; &#8211; Adam Sendler Upcoming Events Everest Camp Trek Fuerat aestu carentem habentia spectent tonitrua mutastis locavit liberioris inistra possedit. Learn More Walking Holidays Fuerat aestu carentem habentia spectent tonitrua mutastis locavit liberioris inistra possedit. Learn More Explore &hellip;<\/p>\n<p class=\"read-more\"> <a class=\"\" href=\"https:\/\/websitedemos.net\/outdoor-adventure-02\/\"> <span class=\"screen-reader-text\">Home<\/span> Read More &raquo;<\/a><\/p>\n","protected":false},"author":1,"featured_media":0,"parent":0,"menu_order":0,"comment_status":"closed","ping_status":"closed","template":"elementor_header_footer","meta":{"site-sidebar-layout":"no-sidebar","site-content-layout":"page-builder","ast-site-content-layout":"default","site-content-style":"default","site-sidebar-style":"default","ast-global-header-display":"","ast-banner-title-visibility":"","ast-main-header-display":"","ast-hfb-above-header-display":"","ast-hfb-below-header-display":"","ast-hfb-mobile-header-display":"","site-post-title":"disabled","ast-breadcrumbs-content":"","ast-featured-img":"disabled","footer-sml-layout":"","ast-disable-related-posts":"","theme-transparent-header-meta":"","adv-header-id-meta":"","stick-header-meta":"","header-above-stick-meta":"","header-main-stick-meta":"","header-below-stick-meta":"","astra-migrate-meta-layouts":"default","ast-page-background-enabled":"default","ast-page-background-meta":{"desktop":{"background-color":"var(--ast-global-color-4)","background-image":"","background-repeat":"repeat","background-position":"center center","background-size":"auto","background-attachment":"scroll","background-type":"","background-media":"","overlay-type":"","overlay-color":"","overlay-opacity":"","overlay-gradient":""},"tablet":{"background-color":"","background-image":"","background-repeat":"repeat","background-position":"center center","background-size":"auto","background-attachment":"scroll","background-type":"","background-media":"","overlay-type":"","overlay-color":"","overlay-opacity":"","overlay-gradient":""},"mobile":{"background-color":"","background-image":"","background-repeat":"repeat","background-position":"center center","background-size":"auto","background-attachment":"scroll","background-type":"","background-media":"","overlay-type":"","overlay-color":"","overlay-opacity":"","overlay-gradient":""}},"ast-content-background-meta":{"desktop":{"background-color":"var(--ast-global-color-5)","background-image":"","background-repeat":"repeat","background-position":"center center","background-size":"auto","background-attachment":"scroll","background-type":"","background-media":"","overlay-type":"","overlay-color":"","overlay-opacity":"","overlay-gradient":""},"tablet":{"background-color":"var(--ast-global-color-5)","background-image":"","background-repeat":"repeat","background-position":"center center","background-size":"auto","background-attachment":"scroll","background-type":"","background-media":"","overlay-type":"","overlay-color":"","overlay-opacity":"","overlay-gradient":""},"mobile":{"background-color":"var(--ast-global-color-5)","background-image":"","background-repeat":"repeat","background-position":"center center","background-size":"auto","background-attachment":"scroll","background-type":"","background-media":"","overlay-type":"","overlay-color":"","overlay-opacity":"","overlay-gradient":""}},"footnotes":""},"class_list":["post-237","page","type-page","status-publish","hentry"],"_links":{"self":[{"href":"https:\/\/wallabyglamping.com\/index.php\/wp-json\/wp\/v2\/pages\/237","targetHints":{"allow":["GET"]}}],"collection":[{"href":"https:\/\/wallabyglamping.com\/index.php\/wp-json\/wp\/v2\/pages"}],"about":[{"href":"https:\/\/wallabyglamping.com\/index.php\/wp-json\/wp\/v2\/types\/page"}],"author":[{"embeddable":true,"href":"https:\/\/wallabyglamping.com\/index.php\/wp-json\/wp\/v2\/users\/1"}],"replies":[{"embeddable":true,"href":"https:\/\/wallabyglamping.com\/index.php\/wp-json\/wp\/v2\/comments?post=237"}],"version-history":[{"count":755,"href":"https:\/\/wallabyglamping.com\/index.php\/wp-json\/wp\/v2\/pages\/237\/revisions"}],"predecessor-version":[{"id":4918,"href":"https:\/\/wallabyglamping.com\/index.php\/wp-json\/wp\/v2\/pages\/237\/revisions\/4918"}],"wp:attachment":[{"href":"https:\/\/wallabyglamping.com\/index.php\/wp-json\/wp\/v2\/media?parent=237"}],"curies":[{"name":"wp","href":"https:\/\/api.w.org\/{rel}","templated":true}]}}