{"id":1896,"date":"2022-10-04T04:24:43","date_gmt":"2022-10-04T04:24:43","guid":{"rendered":"https:\/\/wallabyglamping.com\/?page_id=1896"},"modified":"2022-11-10T19:37:34","modified_gmt":"2022-11-10T19:37:34","slug":"menu","status":"publish","type":"page","link":"https:\/\/wallabyglamping.com\/index.php\/menu\/","title":{"rendered":"Menu"},"content":{"rendered":"<h1>Men\u00fa<\/h1>\n<p>*Recomendamos ordena la cena un d\u00eda antes de tu estad\u00eda con nosotros para evitar contratiempos en nuestro glamping.<\/p>\n<p>                Entradas<\/p>\n<style>.elementor-2248 .elementor-element.elementor-element-7879330f .elementor-price-list-header{color:#000000;font-family:\"Roboto\", Sans-serif;font-size:17px;font-weight:500;font-style:normal;}.elementor-2248 .elementor-element.elementor-element-7879330f .elementor-price-list-price{color:#000000;}.elementor-2248 .elementor-element.elementor-element-7879330f .elementor-price-list-separator{border-bottom-style:dotted;border-bottom-width:2px;}body.rtl .elementor-2248 .elementor-element.elementor-element-7879330f .elementor-price-list-image{padding-left:calc(20px\/2);}body.rtl .elementor-2248 .elementor-element.elementor-element-7879330f .elementor-price-list-image + .elementor-price-list-text{padding-right:calc(20px\/2);}body:not(.rtl) .elementor-2248 .elementor-element.elementor-element-7879330f .elementor-price-list-image{padding-right:calc(20px\/2);}body:not(.rtl) .elementor-2248 .elementor-element.elementor-element-7879330f .elementor-price-list-image + .elementor-price-list-text{padding-left:calc(20px\/2);}.elementor-2248 .elementor-element.elementor-element-7879330f .elementor-price-list li:not(:last-child){margin-bottom:0px;}<\/style>\n<section data-id=\"5f9aa8d6\" data-element_type=\"section\">\n<ul>\n<li><a href=\"#\"><br \/>\n\t\t\t\t\t\t\tNachos<br \/>\n\t\t\t\t\t\t\t\t\t\t\t\t\t\t\t\t\t\t\t$18mil<\/p>\n<p>\n\t\t\t\t\t\t\tNachos, guacamole, pico de gallo, salsa cheddar.\t\t\t\t\t\t<\/p>\n<p>\t\t\t\t<\/a><\/li>\n<li><a href=\"#\"><br \/>\n\t\t\t\t\t\t\tNachos especiales<br \/>\n\t\t\t\t\t\t\t\t\t\t\t\t\t\t\t\t\t\t\t$25mil<\/p>\n<p>\n\t\t\t\t\t\t\tNachos, pollo o carne, guacamole, pico de gallo, salsa cheddar.\t\t\t\t\t\t<\/p>\n<p>\t\t\t\t<\/a><\/li>\n<li><a href=\"#\"><br \/>\n\t\t\t\t\t\t\tTacos de pollo o carne<br \/>\n\t\t\t\t\t\t\t\t\t\t\t\t\t\t\t\t\t\t\t$25mil<\/p>\n<p>\n\t\t\t\t\t\t\tTortilla. pollo o carne, guacamole, lechuga, cebolla y tomate\t\t\t\t\t\t<\/p>\n<p>\t\t\t\t<\/a><\/li>\n<li><a href=\"#\"><br \/>\n\t\t\t\t\t\t\tTacos de champi\u00f1ones salteados<br \/>\n\t\t\t\t\t\t\t\t\t\t\t\t\t\t\t\t\t\t\t$25mil<\/p>\n<p>\n\t\t\t\t\t\t\tTortilla, champi\u00f1ones salteados en mantequilla, lechuga, tomate y cebolla\t\t\t\t\t\t<\/p>\n<p>\t\t\t\t<\/a><\/li>\n<\/ul>\n<\/section>\n<p>                Desayunos<\/p>\n<style>.elementor-2267 .elementor-element.elementor-element-6e9258fe .elementor-price-list-header{color:#000000;font-family:\"Roboto\", Sans-serif;font-size:17px;font-weight:500;-webkit-text-stroke-width:0px;stroke-width:0px;-webkit-text-stroke-color:#000;stroke:#000;}.elementor-2267 .elementor-element.elementor-element-6e9258fe .elementor-price-list-price{color:#000000;}.elementor-2267 .elementor-element.elementor-element-6e9258fe .elementor-price-list-separator{border-bottom-style:dotted;border-bottom-width:2px;}body.rtl .elementor-2267 .elementor-element.elementor-element-6e9258fe .elementor-price-list-image{padding-left:calc(20px\/2);}body.rtl .elementor-2267 .elementor-element.elementor-element-6e9258fe .elementor-price-list-image + .elementor-price-list-text{padding-right:calc(20px\/2);}body:not(.rtl) .elementor-2267 .elementor-element.elementor-element-6e9258fe .elementor-price-list-image{padding-right:calc(20px\/2);}body:not(.rtl) .elementor-2267 .elementor-element.elementor-element-6e9258fe .elementor-price-list-image + .elementor-price-list-text{padding-left:calc(20px\/2);}.elementor-2267 .elementor-element.elementor-element-6e9258fe .elementor-price-list li:not(:last-child){margin-bottom:0px;}<\/style>\n<section data-id=\"4733678\" data-element_type=\"section\">\n<ul>\n<li><a href=\"#\"><br \/>\n\t\t\t\t\t\t\tCaldo de costilla<br \/>\n\t\t\t\t\t\t\t\t\t\t\t\t\t\t\t\t\t\t\tIncluido<\/p>\n<p>\n\t\t\t\t\t\t\tCaldo de costilla de res, huevos al gusto, tostadas y bebida caliente.\t\t\t\t\t\t<\/p>\n<p>\t\t\t\t<\/a><\/li>\n<li><a href=\"#\"><br \/>\n\t\t\t\t\t\t\tYogurt con cereal<br \/>\n\t\t\t\t\t\t\t\t\t\t\t\t\t\t\t\t\t\t\tIncluido<\/p>\n<p>\n\t\t\t\t\t\t\tPorci\u00f3n de fruta, yogurt, cereal y tostadas\t\t\t\t\t\t<\/p>\n<p>\t\t\t\t<\/a><\/li>\n<\/ul>\n<\/section>\n<p>                Platos Fuertes<\/p>\n<style>.elementor-2184 .elementor-element.elementor-element-3a79236 .elementor-price-list-header{color:#000000;font-family:\"Roboto\", Sans-serif;font-size:17px;font-weight:500;font-style:normal;}.elementor-2184 .elementor-element.elementor-element-3a79236 .elementor-price-list-price{color:#000000;}.elementor-2184 .elementor-element.elementor-element-3a79236 .elementor-price-list-separator{border-bottom-style:dotted;border-bottom-width:2px;}body.rtl .elementor-2184 .elementor-element.elementor-element-3a79236 .elementor-price-list-image{padding-left:calc(20px\/2);}body.rtl .elementor-2184 .elementor-element.elementor-element-3a79236 .elementor-price-list-image + .elementor-price-list-text{padding-right:calc(20px\/2);}body:not(.rtl) .elementor-2184 .elementor-element.elementor-element-3a79236 .elementor-price-list-image{padding-right:calc(20px\/2);}body:not(.rtl) .elementor-2184 .elementor-element.elementor-element-3a79236 .elementor-price-list-image + .elementor-price-list-text{padding-left:calc(20px\/2);}.elementor-2184 .elementor-element.elementor-element-3a79236 .elementor-price-list li:not(:last-child){margin-bottom:0px;}.elementor-2184 .elementor-element.elementor-element-244d559c .elementor-heading-title{color:#000000;font-family:\"Roboto\", Sans-serif;font-size:13px;font-weight:600;line-height:1px;}<\/style>\n<section data-id=\"34e18ca0\" data-element_type=\"section\">\n<ul>\n<li><a href=\"#\"><br \/>\n\t\t\t\t\t\t\tTrucha<br \/>\n\t\t\t\t\t\t\t\t\t\t\t\t\t\t\t\t\t\t\t$45mil<\/p>\n<p>\n\t\t\t\t\t\t\tGratinada, Napolitana, Ajillo o en<br \/>\nsalsa de maracuy\u00e1\t\t\t\t\t\t<\/p>\n<p>\t\t\t\t<\/a><\/li>\n<li><a href=\"#\"><br \/>\n\t\t\t\t\t\t\tSalm\u00f3n<br \/>\n\t\t\t\t\t\t\t\t\t\t\t\t\t\t\t\t\t\t\t$45mil<\/p>\n<p>\n\t\t\t\t\t\t\tEn mantequilla o en salsa de maracuy\u00e1.\t\t\t\t\t\t<\/p>\n<p>\t\t\t\t<\/a><\/li>\n<li><a href=\"#\"><br \/>\n\t\t\t\t\t\t\tCostillas de cerdo<br \/>\n\t\t\t\t\t\t\t\t\t\t\t\t\t\t\t\t\t\t\t$45mil<\/p>\n<p>\n\t\t\t\t\t\t\tEn salsa BBQ\t\t\t\t\t\t<\/p>\n<p>\t\t\t\t<\/a><\/li>\n<li><a href=\"#\"><br \/>\n\t\t\t\t\t\t\tPechuga de pollo<br \/>\n\t\t\t\t\t\t\t\t\t\t\t\t\t\t\t\t\t\t\t$40mil<\/p>\n<p>\n\t\t\t\t\t\t\tGratinada o Salsa de champi\u00f1ones\t\t\t\t\t\t<\/p>\n<p>\t\t\t\t<\/a><\/li>\n<\/ul>\n<p>*Cada platillo fuerte viene acompa\u00f1ado de papa a la francesa o papa criolla y ensalada<\/p>\n<\/section>\n<p>                Bebidas<\/p>\n<style>.elementor-2277 .elementor-element.elementor-element-5a6fc0ac .elementor-price-list-header{color:#000000;font-family:\"Roboto\", Sans-serif;font-size:17px;font-weight:500;font-style:normal;}.elementor-2277 .elementor-element.elementor-element-5a6fc0ac .elementor-price-list-price{color:#000000;}.elementor-2277 .elementor-element.elementor-element-5a6fc0ac .elementor-price-list-separator{border-bottom-style:dotted;border-bottom-width:2px;}body.rtl .elementor-2277 .elementor-element.elementor-element-5a6fc0ac .elementor-price-list-image{padding-left:calc(20px\/2);}body.rtl .elementor-2277 .elementor-element.elementor-element-5a6fc0ac .elementor-price-list-image + .elementor-price-list-text{padding-right:calc(20px\/2);}body:not(.rtl) .elementor-2277 .elementor-element.elementor-element-5a6fc0ac .elementor-price-list-image{padding-right:calc(20px\/2);}body:not(.rtl) .elementor-2277 .elementor-element.elementor-element-5a6fc0ac .elementor-price-list-image + .elementor-price-list-text{padding-left:calc(20px\/2);}.elementor-2277 .elementor-element.elementor-element-5a6fc0ac .elementor-price-list li:not(:last-child){margin-bottom:0px;}<\/style>\n<section data-id=\"6746e86b\" data-element_type=\"section\">\n<ul>\n<li><a href=\"#\"><br \/>\n\t\t\t\t\t\t\tJugos Naturales<br \/>\n\t\t\t\t\t\t\t\t\t\t\t\t\t\t\t\t\t\t\t$5mil<\/p>\n<p>\n\t\t\t\t\t\t\tEn agua o leche (Mora, Maracuya, Guanabana, Lulo)\t\t\t\t\t\t<\/p>\n<p>\t\t\t\t<\/a><\/li>\n<li><a href=\"#\"><br \/>\n\t\t\t\t\t\t\tCerveza Stella Artua<br \/>\n\t\t\t\t\t\t\t\t\t\t\t\t\t\t\t\t\t\t\t$5mil<br \/>\n\t\t\t\t<\/a><\/li>\n<li><a href=\"#\"><br \/>\n\t\t\t\t\t\t\tCerveza BBC Cajic\u00e1<br \/>\n\t\t\t\t\t\t\t\t\t\t\t\t\t\t\t\t\t\t\t$5mil<br \/>\n\t\t\t\t<\/a><\/li>\n<li><a href=\"#\"><br \/>\n\t\t\t\t\t\t\tCerveza Coronita<br \/>\n\t\t\t\t\t\t\t\t\t\t\t\t\t\t\t\t\t\t\t$5mil<br \/>\n\t\t\t\t<\/a><\/li>\n<li><a href=\"#\"><br \/>\n\t\t\t\t\t\t\tCerveza Heineken<br \/>\n\t\t\t\t\t\t\t\t\t\t\t\t\t\t\t\t\t\t\t$5mil<br \/>\n\t\t\t\t<\/a><\/li>\n<li><a href=\"#\"><br \/>\n\t\t\t\t\t\t\tGinger 300ml<br \/>\n\t\t\t\t\t\t\t\t\t\t\t\t\t\t\t\t\t\t\t$4mil<br \/>\n\t\t\t\t<\/a><\/li>\n<li><a href=\"#\"><br \/>\n\t\t\t\t\t\t\tRed Bull<br \/>\n\t\t\t\t\t\t\t\t\t\t\t\t\t\t\t\t\t\t\t$6mil<br \/>\n\t\t\t\t<\/a><\/li>\n<li><a href=\"#\"><br \/>\n\t\t\t\t\t\t\tGatorade<br \/>\n\t\t\t\t\t\t\t\t\t\t\t\t\t\t\t\t\t\t\t$5mil<br \/>\n\t\t\t\t<\/a><\/li>\n<li><a href=\"#\"><br \/>\n\t\t\t\t\t\t\tT\u00e9 Hatsu<br \/>\n\t\t\t\t\t\t\t\t\t\t\t\t\t\t\t\t\t\t\t$6mil<br \/>\n\t\t\t\t<\/a><\/li>\n<li><a href=\"#\"><br \/>\n\t\t\t\t\t\t\tAgua  280ml<br \/>\n\t\t\t\t\t\t\t\t\t\t\t\t\t\t\t\t\t\t\t$1mil<br \/>\n\t\t\t\t<\/a><\/li>\n<li><a href=\"#\"><br \/>\n\t\t\t\t\t\t\tSmirnoff Lata<br \/>\n\t\t\t\t\t\t\t\t\t\t\t\t\t\t\t\t\t\t\t$8mil<br \/>\n\t\t\t\t<\/a><\/li>\n<\/ul>\n<\/section>\n<p>                Licores<\/p>\n<style>.elementor-2283 .elementor-element.elementor-element-1a067990 .elementor-price-list-header{color:#000000;font-family:\"Roboto\", Sans-serif;font-size:17px;font-weight:500;font-style:normal;}.elementor-2283 .elementor-element.elementor-element-1a067990 .elementor-price-list-price{color:#000000;}.elementor-2283 .elementor-element.elementor-element-1a067990 .elementor-price-list-separator{border-bottom-style:dotted;border-bottom-width:2px;}body.rtl .elementor-2283 .elementor-element.elementor-element-1a067990 .elementor-price-list-image{padding-left:calc(20px\/2);}body.rtl .elementor-2283 .elementor-element.elementor-element-1a067990 .elementor-price-list-image + .elementor-price-list-text{padding-right:calc(20px\/2);}body:not(.rtl) .elementor-2283 .elementor-element.elementor-element-1a067990 .elementor-price-list-image{padding-right:calc(20px\/2);}body:not(.rtl) .elementor-2283 .elementor-element.elementor-element-1a067990 .elementor-price-list-image + .elementor-price-list-text{padding-left:calc(20px\/2);}.elementor-2283 .elementor-element.elementor-element-1a067990 .elementor-price-list li:not(:last-child){margin-bottom:0px;}<\/style>\n<section data-id=\"356c09c5\" data-element_type=\"section\">\n<ul>\n<li><a href=\"#\"><br \/>\n\t\t\t\t\t\t\tVino Gato Negro 375ml<br \/>\n\t\t\t\t\t\t\t\t\t\t\t\t\t\t\t\t\t\t\t$35mil<br \/>\n\t\t\t\t<\/a><\/li>\n<li><a href=\"#\"><br \/>\n\t\t\t\t\t\t\tVino Gato Negro 750ml<br \/>\n\t\t\t\t\t\t\t\t\t\t\t\t\t\t\t\t\t\t\t$55mil<br \/>\n\t\t\t\t<\/a><\/li>\n<li><a href=\"#\"><br \/>\n\t\t\t\t\t\t\tTequila Jos\u00e9 Cuervo SILVER &#8211; Botella<br \/>\n\t\t\t\t\t\t\t\t\t\t\t\t\t\t\t\t\t\t\t$100mil<br \/>\n\t\t\t\t<\/a><\/li>\n<li><a href=\"#\"><br \/>\n\t\t\t\t\t\t\tWhisky Jack Daniel&#8217;s<br \/>\n\t\t\t\t\t\t\t\t\t\t\t\t\t\t\t\t\t\t\t$80mil<br \/>\n\t\t\t\t<\/a><\/li>\n<li><a href=\"#\"><br \/>\n\t\t\t\t\t\t\tWhisky Grants 375 ml<br \/>\n\t\t\t\t\t\t\t\t\t\t\t\t\t\t\t\t\t\t\t$50mil<br \/>\n\t\t\t\t<\/a><\/li>\n<li><a href=\"#\"><br \/>\n\t\t\t\t\t\t\tRon Caldas 375 ml<br \/>\n\t\t\t\t\t\t\t\t\t\t\t\t\t\t\t\t\t\t\t$40mil<br \/>\n\t\t\t\t<\/a><\/li>\n<li><a href=\"#\"><br \/>\n\t\t\t\t\t\t\tWhisky Black &#038; White 375 ml<br \/>\n\t\t\t\t\t\t\t\t\t\t\t\t\t\t\t\t\t\t\t$40mil<br \/>\n\t\t\t\t<\/a><\/li>\n<\/ul>\n<\/section>\n<p>                Snacks<\/p>\n<style>.elementor-2210 .elementor-element.elementor-element-67079a14 .elementor-price-list-header{color:#000000;font-family:\"Roboto\", Sans-serif;font-size:17px;font-weight:500;font-style:normal;}.elementor-2210 .elementor-element.elementor-element-67079a14 .elementor-price-list-price{color:#000000;}.elementor-2210 .elementor-element.elementor-element-67079a14 .elementor-price-list-separator{border-bottom-style:dotted;border-bottom-width:2px;}body.rtl .elementor-2210 .elementor-element.elementor-element-67079a14 .elementor-price-list-image{padding-left:calc(20px\/2);}body.rtl .elementor-2210 .elementor-element.elementor-element-67079a14 .elementor-price-list-image + .elementor-price-list-text{padding-right:calc(20px\/2);}body:not(.rtl) .elementor-2210 .elementor-element.elementor-element-67079a14 .elementor-price-list-image{padding-right:calc(20px\/2);}body:not(.rtl) .elementor-2210 .elementor-element.elementor-element-67079a14 .elementor-price-list-image + .elementor-price-list-text{padding-left:calc(20px\/2);}.elementor-2210 .elementor-element.elementor-element-67079a14 .elementor-price-list li:not(:last-child){margin-bottom:0px;}<\/style>\n<section data-id=\"4050505b\" data-element_type=\"section\">\n<ul>\n<li><a href=\"#\"><br \/>\n\t\t\t\t\t\t\tSnickers<br \/>\n\t\t\t\t\t\t\t\t\t\t\t\t\t\t\t\t\t\t\t$5mil<br \/>\n\t\t\t\t<\/a><\/li>\n<li><a href=\"#\"><br \/>\n\t\t\t\t\t\t\tTrululu<br \/>\n\t\t\t\t\t\t\t\t\t\t\t\t\t\t\t\t\t\t\t$3mil<br \/>\n\t\t\t\t<\/a><\/li>\n<li><a href=\"#\"><br \/>\n\t\t\t\t\t\t\tBianchi choc\u00f3 snacks<br \/>\n\t\t\t\t\t\t\t\t\t\t\t\t\t\t\t\t\t\t\t$4mil<br \/>\n\t\t\t\t<\/a><\/li>\n<li><a href=\"#\"><br \/>\n\t\t\t\t\t\t\tMilky Way<br \/>\n\t\t\t\t\t\t\t\t\t\t\t\t\t\t\t\t\t\t\t$5mil<br \/>\n\t\t\t\t<\/a><\/li>\n<li><a href=\"#\"><br \/>\n\t\t\t\t\t\t\tChocolate M&#038;M&#8217;s<br \/>\n\t\t\t\t\t\t\t\t\t\t\t\t\t\t\t\t\t\t\t$5mil<br \/>\n\t\t\t\t<\/a><\/li>\n<li><a href=\"#\"><br \/>\n\t\t\t\t\t\t\tCereal Tosh barra<br \/>\n\t\t\t\t\t\t\t\t\t\t\t\t\t\t\t\t\t\t\t$3mil<br \/>\n\t\t\t\t<\/a><\/li>\n<li><a href=\"#\"><br \/>\n\t\t\t\t\t\t\tMan\u00ed Mazcla La Especial<br \/>\n\t\t\t\t\t\t\t\t\t\t\t\t\t\t\t\t\t\t\t$3mil<br \/>\n\t\t\t\t<\/a><\/li>\n<li><a href=\"#\"><br \/>\n\t\t\t\t\t\t\tMan\u00ed pasas La Especial<br \/>\n\t\t\t\t\t\t\t\t\t\t\t\t\t\t\t\t\t\t\t$3mil<br \/>\n\t\t\t\t<\/a><\/li>\n<li><a href=\"#\"><br \/>\n\t\t\t\t\t\t\tMan\u00ed sal La Especial<br \/>\n\t\t\t\t\t\t\t\t\t\t\t\t\t\t\t\t\t\t\t$3mil<br \/>\n\t\t\t\t<\/a><\/li>\n<li><a href=\"#\"><br \/>\n\t\t\t\t\t\t\tSupercoco barra<br \/>\n\t\t\t\t\t\t\t\t\t\t\t\t\t\t\t\t\t\t\t$2mil<br \/>\n\t\t\t\t<\/a><\/li>\n<\/ul>\n<\/section>\n<p>\t\t\t<a href=\"https:\/\/api.whatsapp.com\/send\/?phone=573506197915&#038;text&#038;app_absent=0\" role=\"button\"><br \/>\n\t\t\t\t\t\tReservar<br \/>\n\t\t\t\t\t<\/a><br \/>\n\t\t\t\t\t\t\t\t\t\t\t\t\t\t\t\t<a href=\"https:\/\/drive.google.com\/file\/d\/1hhNfNm5Z3zge1ZxnPyfaJ3MPJT6g9mfr\/view?usp=sharing\"><br \/>\n\t\t\t\t\t\t\t<img decoding=\"async\" width=\"300\" height=\"300\" src=\"http:\/\/wallabyglamping.com\/wp-content\/uploads\/2022\/02\/5-300x300.jpg\" alt=\"\" loading=\"lazy\" srcset=\"https:\/\/wallabyglamping.com\/wp-content\/uploads\/2022\/02\/5-300x300.jpg 300w, https:\/\/wallabyglamping.com\/wp-content\/uploads\/2022\/02\/5-1024x1024.jpg 1024w, https:\/\/wallabyglamping.com\/wp-content\/uploads\/2022\/02\/5-150x150.jpg 150w, https:\/\/wallabyglamping.com\/wp-content\/uploads\/2022\/02\/5-768x768.jpg 768w, https:\/\/wallabyglamping.com\/wp-content\/uploads\/2022\/02\/5.jpg 1080w\" sizes=\"auto, (max-width: 300px) 100vw, 300px\" \/>\t\t\t\t\t\t\t\t<\/a><\/p>\n<h2>Tarifas y planes<\/h2>\n<h5>&#8211; pdf &#8211;<\/h5>\n<p>\t\t\t\t\t\t\t\t\t\t\t\t\t\t\t\t<a href=\"https:\/\/drive.google.com\/file\/d\/1jrnNbVe6x0QG563n7dwVZLzObdOVwLAx\/view?usp=sharing\"><br \/>\n\t\t\t\t\t\t\t<img decoding=\"async\" width=\"300\" height=\"300\" src=\"http:\/\/wallabyglamping.com\/wp-content\/uploads\/2022\/02\/6-300x300.jpg\" alt=\"\" loading=\"lazy\" srcset=\"https:\/\/wallabyglamping.com\/wp-content\/uploads\/2022\/02\/6-300x300.jpg 300w, https:\/\/wallabyglamping.com\/wp-content\/uploads\/2022\/02\/6-1024x1024.jpg 1024w, https:\/\/wallabyglamping.com\/wp-content\/uploads\/2022\/02\/6-150x150.jpg 150w, https:\/\/wallabyglamping.com\/wp-content\/uploads\/2022\/02\/6-768x768.jpg 768w, https:\/\/wallabyglamping.com\/wp-content\/uploads\/2022\/02\/6.jpg 1080w\" sizes=\"auto, (max-width: 300px) 100vw, 300px\" \/>\t\t\t\t\t\t\t\t<\/a><\/p>\n<h2>Men\u00fa<\/h2>\n<h5>&#8211; pdf &#8211;<\/h5>\n","protected":false},"excerpt":{"rendered":"<p>Men\u00fa *Recomendamos ordena la cena un d\u00eda antes de tu estad\u00eda con nosotros para evitar contratiempos en nuestro glamping. Entradas Nachos $18mil Nachos, guacamole, pico de gallo, salsa cheddar. Nachos especiales $25mil Nachos, pollo o carne, guacamole, pico de gallo, salsa cheddar. Tacos de pollo o carne $25mil Tortilla. pollo o carne, guacamole, lechuga, cebolla [&hellip;]<\/p>\n","protected":false},"author":1,"featured_media":0,"parent":0,"menu_order":0,"comment_status":"closed","ping_status":"closed","template":"","meta":{"site-sidebar-layout":"no-sidebar","site-content-layout":"page-builder","ast-site-content-layout":"default","site-content-style":"default","site-sidebar-style":"default","ast-global-header-display":"","ast-banner-title-visibility":"","ast-main-header-display":"","ast-hfb-above-header-display":"","ast-hfb-below-header-display":"","ast-hfb-mobile-header-display":"","site-post-title":"disabled","ast-breadcrumbs-content":"","ast-featured-img":"disabled","footer-sml-layout":"","ast-disable-related-posts":"","theme-transparent-header-meta":"","adv-header-id-meta":"","stick-header-meta":"","header-above-stick-meta":"","header-main-stick-meta":"","header-below-stick-meta":"","astra-migrate-meta-layouts":"default","ast-page-background-enabled":"default","ast-page-background-meta":{"desktop":{"background-color":"var(--ast-global-color-4)","background-image":"","background-repeat":"repeat","background-position":"center center","background-size":"auto","background-attachment":"scroll","background-type":"","background-media":"","overlay-type":"","overlay-color":"","overlay-opacity":"","overlay-gradient":""},"tablet":{"background-color":"","background-image":"","background-repeat":"repeat","background-position":"center center","background-size":"auto","background-attachment":"scroll","background-type":"","background-media":"","overlay-type":"","overlay-color":"","overlay-opacity":"","overlay-gradient":""},"mobile":{"background-color":"","background-image":"","background-repeat":"repeat","background-position":"center center","background-size":"auto","background-attachment":"scroll","background-type":"","background-media":"","overlay-type":"","overlay-color":"","overlay-opacity":"","overlay-gradient":""}},"ast-content-background-meta":{"desktop":{"background-color":"var(--ast-global-color-5)","background-image":"","background-repeat":"repeat","background-position":"center center","background-size":"auto","background-attachment":"scroll","background-type":"","background-media":"","overlay-type":"","overlay-color":"","overlay-opacity":"","overlay-gradient":""},"tablet":{"background-color":"var(--ast-global-color-5)","background-image":"","background-repeat":"repeat","background-position":"center center","background-size":"auto","background-attachment":"scroll","background-type":"","background-media":"","overlay-type":"","overlay-color":"","overlay-opacity":"","overlay-gradient":""},"mobile":{"background-color":"var(--ast-global-color-5)","background-image":"","background-repeat":"repeat","background-position":"center center","background-size":"auto","background-attachment":"scroll","background-type":"","background-media":"","overlay-type":"","overlay-color":"","overlay-opacity":"","overlay-gradient":""}},"footnotes":""},"class_list":["post-1896","page","type-page","status-publish","hentry"],"_links":{"self":[{"href":"https:\/\/wallabyglamping.com\/index.php\/wp-json\/wp\/v2\/pages\/1896","targetHints":{"allow":["GET"]}}],"collection":[{"href":"https:\/\/wallabyglamping.com\/index.php\/wp-json\/wp\/v2\/pages"}],"about":[{"href":"https:\/\/wallabyglamping.com\/index.php\/wp-json\/wp\/v2\/types\/page"}],"author":[{"embeddable":true,"href":"https:\/\/wallabyglamping.com\/index.php\/wp-json\/wp\/v2\/users\/1"}],"replies":[{"embeddable":true,"href":"https:\/\/wallabyglamping.com\/index.php\/wp-json\/wp\/v2\/comments?post=1896"}],"version-history":[{"count":142,"href":"https:\/\/wallabyglamping.com\/index.php\/wp-json\/wp\/v2\/pages\/1896\/revisions"}],"predecessor-version":[{"id":2291,"href":"https:\/\/wallabyglamping.com\/index.php\/wp-json\/wp\/v2\/pages\/1896\/revisions\/2291"}],"wp:attachment":[{"href":"https:\/\/wallabyglamping.com\/index.php\/wp-json\/wp\/v2\/media?parent=1896"}],"curies":[{"name":"wp","href":"https:\/\/api.w.org\/{rel}","templated":true}]}}